{"id":8225,"date":"2024-10-30T13:28:30","date_gmt":"2024-10-30T13:28:30","guid":{"rendered":"https:\/\/yavar.cl\/our-team\/"},"modified":"2024-11-27T12:52:13","modified_gmt":"2024-11-27T12:52:13","slug":"our-team","status":"publish","type":"page","link":"https:\/\/yavar.cl\/en\/our-team\/","title":{"rendered":"Our Team"},"content":{"rendered":"\t\t<div data-elementor-type=\"wp-page\" data-elementor-id=\"8225\" class=\"elementor elementor-8225 elementor-6860\">\n\t\t\t\t<div class=\"elementor-element elementor-element-af0824d e-con-full e-flex parallax_section_no qode_elementor_container_no e-con e-parent\" data-id=\"af0824d\" data-element_type=\"container\" data-e-type=\"container\" data-settings=\"{&quot;background_background&quot;:&quot;classic&quot;}\">\n\t\t<div class=\"elementor-element elementor-element-f9cf264 e-con-full e-flex parallax_section_no qode_elementor_container_no e-con e-child\" data-id=\"f9cf264\" data-element_type=\"container\" data-e-type=\"container\">\n\t\t\t\t<div class=\"elementor-element elementor-element-9026b8e elementor-widget__width-inherit elementor-widget elementor-widget-text-editor\" data-id=\"9026b8e\" data-element_type=\"widget\" data-e-type=\"widget\" data-widget_type=\"text-editor.default\">\n\t\t\t\t<div class=\"elementor-widget-container\">\n\t\t\t\t\t\t\t\t\t<h4><span style=\"color: #eeecea;\"><b>Our Team<\/b><\/span><\/h4>\n\t\t\t\t\t\t\t\t<\/div>\n\t\t\t\t<\/div>\n\t\t\t\t<\/div>\n\t\t\t\t<div class=\"elementor-element elementor-element-a5d400f elementor-absolute elementor-hidden-tablet elementor-hidden-mobile elementor-widget elementor-widget-bridge_vertical_separator\" data-id=\"a5d400f\" data-element_type=\"widget\" data-e-type=\"widget\" data-settings=\"{&quot;_position&quot;:&quot;absolute&quot;}\" data-widget_type=\"bridge_vertical_separator.default\">\n\t\t\t\t<div class=\"elementor-widget-container\">\n\t\t\t\t\t<div class=\"qode_vertical_separator\" style=\"height: 1000px;width: 1px;background-color: #FFFFFF\">\n<\/div>\t\t\t\t<\/div>\n\t\t\t\t<\/div>\n\t\t\t\t<div class=\"elementor-element elementor-element-c624862 elementor-absolute elementor-hidden-tablet elementor-hidden-mobile elementor-widget elementor-widget-bridge_vertical_separator\" data-id=\"c624862\" data-element_type=\"widget\" data-e-type=\"widget\" data-settings=\"{&quot;_position&quot;:&quot;absolute&quot;}\" data-widget_type=\"bridge_vertical_separator.default\">\n\t\t\t\t<div class=\"elementor-widget-container\">\n\t\t\t\t\t<div class=\"qode_vertical_separator\" style=\"height: 1000px;width: 1px;background-color: #FFFFFF\">\n<\/div>\t\t\t\t<\/div>\n\t\t\t\t<\/div>\n\t\t\t\t<div class=\"elementor-element elementor-element-8b21f0c elementor-fixed elementor-hidden-tablet elementor-hidden-mobile elementor-view-default elementor-widget elementor-widget-icon\" data-id=\"8b21f0c\" data-element_type=\"widget\" data-e-type=\"widget\" data-settings=\"{&quot;_position&quot;:&quot;fixed&quot;}\" data-widget_type=\"icon.default\">\n\t\t\t\t<div class=\"elementor-widget-container\">\n\t\t\t\t\t\t\t<div class=\"elementor-icon-wrapper\">\n\t\t\t<div class=\"elementor-icon\">\n\t\t\t<svg xmlns=\"http:\/\/www.w3.org\/2000\/svg\" xmlns:xlink=\"http:\/\/www.w3.org\/1999\/xlink\" viewBox=\"0 0 89.15 164.25\"><defs><style>      .cls-1 {        clip-path: url(#clippath);      }      .cls-2 {        fill: none;      }      .cls-2, .cls-3 {        stroke-width: 0px;      }      .cls-4 {        clip-path: url(#clippath-1);      }      .cls-3 {        fill: #d6d1ca;      }      .cls-5 {        isolation: isolate;      }      .cls-6 {        mix-blend-mode: multiply;        opacity: .85;      }    <\/style><clipPath id=\"clippath\"><rect class=\"cls-2\" x=\"-1743.92\" y=\"485.17\" width=\"1922\" height=\"787.14\"><\/rect><\/clipPath><clipPath id=\"clippath-1\"><rect class=\"cls-2\" x=\"-1773.93\" y=\"-880.05\" width=\"1952.01\" height=\"787.14\"><\/rect><\/clipPath><image id=\"image\" width=\"4272\" height=\"2848\"><\/image><\/defs><g class=\"cls-5\"><g id=\"Layer_1\" data-name=\"Layer 1\"><g class=\"cls-1\"><use transform=\"translate(-3028.28 -303.4) scale(1.05)\" xlink:href=\"#image\"><\/use><use class=\"cls-6\" transform=\"translate(-3028.28 -303.4) scale(1.05)\" xlink:href=\"#image\"><\/use><\/g><g class=\"cls-4\"><use transform=\"translate(-3078.34 -1668.62) scale(1.07 1.05)\" xlink:href=\"#image\"><\/use><use class=\"cls-6\" transform=\"translate(-3078.34 -1668.62) scale(1.07 1.05)\" xlink:href=\"#image\"><\/use><\/g><g><path class=\"cls-3\" d=\"M44.58,154.29c-18.69,0-33.89-15.2-33.89-33.89V45.68c0-18.69,15.2-33.89,33.89-33.89s33.89,15.2,33.89,33.89v74.72c0,18.69-15.2,33.89-33.89,33.89ZM44.58,14.78c-17.04,0-30.9,13.86-30.9,30.9v74.72c0,17.04,13.86,30.9,30.9,30.9s30.9-13.86,30.9-30.9V45.68c0-17.04-13.86-30.9-30.9-30.9Z\"><\/path><polygon class=\"cls-3\" points=\"30.33 85.89 30.33 82.26 58.82 79.35 58.82 82.97 30.33 85.89\"><\/polygon><polygon class=\"cls-3\" points=\"56.4 39.6 45.19 53.22 34.82 39.6 29.03 39.6 41.68 56.27 41.68 69.64 47.01 69.64 47.01 55.63 60.12 39.6 56.4 39.6\"><\/polygon><path class=\"cls-3\" d=\"M52.91,109.74c-1.86-.72-4.33-1.4-7.4-2.04-2.4-.5-4.24-1-5.54-1.5-1.3-.5-2.19-1.05-2.67-1.65-.48-.6-.72-1.32-.72-2.15,0-1.39.65-2.5,1.95-3.34,1.3-.84,3.2-1.25,5.71-1.25,2.71,0,4.82.45,6.35,1.33,1.53.89,2.5,2.35,2.92,4.38h4.4c-.31-2.47-1.59-4.41-3.83-5.82-2.24-1.4-5.42-2.11-9.54-2.11s-7.12.61-9.58,1.84c-2.47,1.22-3.7,3.14-3.7,5.76,0,2.36,1.12,4.17,3.36,5.42,2.24,1.25,5.34,2.27,9.29,3.05,2.51.5,4.44,1.04,5.8,1.61s2.3,1.22,2.83,1.94c.54.72.8,1.61.8,2.67,0,1.81-.71,3.18-2.14,4.13-1.42.95-3.52,1.42-6.28,1.42-3.19,0-5.6-.59-7.23-1.77-1.64-1.18-2.55-3.05-2.75-5.61h-4.44c.23,3.06,1.61,5.42,4.15,7.09,2.54,1.67,5.99,2.5,10.37,2.5s7.53-.74,9.98-2.21c2.45-1.47,3.68-3.53,3.68-6.17,0-1.89-.49-3.44-1.48-4.63-.99-1.2-2.41-2.16-4.27-2.88Z\"><\/path><\/g><\/g><\/g><\/svg>\t\t\t<\/div>\n\t\t<\/div>\n\t\t\t\t\t\t<\/div>\n\t\t\t\t<\/div>\n\t\t\t\t<\/div>\n\t\t<div class=\"elementor-element elementor-element-5532e04 e-con-full e-flex parallax_section_no qode_elementor_container_no e-con e-parent\" data-id=\"5532e04\" data-element_type=\"container\" data-e-type=\"container\" data-settings=\"{&quot;background_background&quot;:&quot;classic&quot;}\">\n\t\t<div class=\"elementor-element elementor-element-e706a4a e-con-full qode_elementor_container_inner e-flex parallax_section_no e-con e-child\" data-id=\"e706a4a\" data-element_type=\"container\" data-e-type=\"container\">\n\t\t\t\t<div class=\"elementor-element elementor-element-ff56458 elementor-widget__width-initial elementor-position-top elementor-widget elementor-widget-image-box\" data-id=\"ff56458\" data-element_type=\"widget\" data-e-type=\"widget\" data-widget_type=\"image-box.default\">\n\t\t\t\t<div class=\"elementor-widget-container\">\n\t\t\t\t\t<div class=\"elementor-image-box-wrapper\"><figure class=\"elementor-image-box-img\"><a href=\"https:\/\/yavar.cl\/en\/our-team\/sergio-yavar-carberry\/\" tabindex=\"-1\"><img fetchpriority=\"high\" decoding=\"async\" width=\"500\" height=\"785\" src=\"https:\/\/yavar.cl\/wp-content\/uploads\/2024\/11\/Sergio-Yavar-Carberry.jpg\" class=\"attachment-full size-full wp-image-8608\" alt=\"\" srcset=\"https:\/\/yavar.cl\/wp-content\/uploads\/2024\/11\/Sergio-Yavar-Carberry.jpg 500w, https:\/\/yavar.cl\/wp-content\/uploads\/2024\/11\/Sergio-Yavar-Carberry-191x300.jpg 191w\" sizes=\"(max-width: 500px) 100vw, 500px\" \/><\/a><\/figure><div class=\"elementor-image-box-content\"><p class=\"elementor-image-box-title\"><a href=\"https:\/\/yavar.cl\/en\/our-team\/sergio-yavar-carberry\/\">Sergio Y\u00e1var Carberry<\/a><\/p><p class=\"elementor-image-box-description\">PARTNER<\/p><\/div><\/div>\t\t\t\t<\/div>\n\t\t\t\t<\/div>\n\t\t\t\t<div class=\"elementor-element elementor-element-db18a3f elementor-widget__width-initial elementor-position-top elementor-widget elementor-widget-image-box\" data-id=\"db18a3f\" data-element_type=\"widget\" data-e-type=\"widget\" data-widget_type=\"image-box.default\">\n\t\t\t\t<div class=\"elementor-widget-container\">\n\t\t\t\t\t<div class=\"elementor-image-box-wrapper\"><figure class=\"elementor-image-box-img\"><a href=\"https:\/\/yavar.cl\/en\/our-team\/jose-pedro-silva-prado\/\" tabindex=\"-1\"><img decoding=\"async\" width=\"500\" height=\"785\" src=\"https:\/\/yavar.cl\/wp-content\/uploads\/2024\/11\/Jose-Pedro-Silva-Prado-1.jpg\" class=\"attachment-full size-full wp-image-8467\" alt=\"\" srcset=\"https:\/\/yavar.cl\/wp-content\/uploads\/2024\/11\/Jose-Pedro-Silva-Prado-1.jpg 500w, https:\/\/yavar.cl\/wp-content\/uploads\/2024\/11\/Jose-Pedro-Silva-Prado-1-191x300.jpg 191w\" sizes=\"(max-width: 500px) 100vw, 500px\" \/><\/a><\/figure><div class=\"elementor-image-box-content\"><p class=\"elementor-image-box-title\"><a href=\"https:\/\/yavar.cl\/en\/our-team\/jose-pedro-silva-prado\/\">Jos\u00e9 Pedro Silva Prado<\/a><\/p><p class=\"elementor-image-box-description\">PARTNER<\/p><\/div><\/div>\t\t\t\t<\/div>\n\t\t\t\t<\/div>\n\t\t\t\t<div class=\"elementor-element elementor-element-68e732f elementor-widget__width-initial elementor-position-top elementor-widget elementor-widget-image-box\" data-id=\"68e732f\" data-element_type=\"widget\" data-e-type=\"widget\" data-widget_type=\"image-box.default\">\n\t\t\t\t<div class=\"elementor-widget-container\">\n\t\t\t\t\t<div class=\"elementor-image-box-wrapper\"><figure class=\"elementor-image-box-img\"><a href=\"https:\/\/yavar.cl\/en\/our-team\/macarena-oyarzun-ithurralde\/\" tabindex=\"-1\"><img decoding=\"async\" width=\"500\" height=\"785\" src=\"https:\/\/yavar.cl\/wp-content\/uploads\/2024\/11\/Macarena-Oyarzun-Ithurralde-e1732197999226.jpg\" class=\"attachment-full size-full wp-image-7591\" alt=\"\" \/><\/a><\/figure><div class=\"elementor-image-box-content\"><p class=\"elementor-image-box-title\"><a href=\"https:\/\/yavar.cl\/en\/our-team\/macarena-oyarzun-ithurralde\/\">Macarena Oyarz\u00fan Ithurralde<\/a><\/p><p class=\"elementor-image-box-description\">PARTNER<\/p><\/div><\/div>\t\t\t\t<\/div>\n\t\t\t\t<\/div>\n\t\t\t\t<div class=\"elementor-element elementor-element-b5eb8e7 elementor-widget__width-initial elementor-position-top elementor-widget elementor-widget-image-box\" data-id=\"b5eb8e7\" data-element_type=\"widget\" data-e-type=\"widget\" data-widget_type=\"image-box.default\">\n\t\t\t\t<div class=\"elementor-widget-container\">\n\t\t\t\t\t<div class=\"elementor-image-box-wrapper\"><figure class=\"elementor-image-box-img\"><a href=\"https:\/\/yavar.cl\/en\/our-team\/enrique-amenabar-figueroa\/\" tabindex=\"-1\"><img loading=\"lazy\" decoding=\"async\" width=\"500\" height=\"785\" src=\"https:\/\/yavar.cl\/wp-content\/uploads\/2024\/11\/Enrique-Amenabar-Figueroa-1.jpg\" class=\"attachment-full size-full wp-image-8464\" alt=\"\" srcset=\"https:\/\/yavar.cl\/wp-content\/uploads\/2024\/11\/Enrique-Amenabar-Figueroa-1.jpg 500w, https:\/\/yavar.cl\/wp-content\/uploads\/2024\/11\/Enrique-Amenabar-Figueroa-1-191x300.jpg 191w\" sizes=\"(max-width: 500px) 100vw, 500px\" \/><\/a><\/figure><div class=\"elementor-image-box-content\"><p class=\"elementor-image-box-title\"><a href=\"https:\/\/yavar.cl\/en\/our-team\/enrique-amenabar-figueroa\/\">Enrique Amen\u00e1bar Figueroa<\/a><\/p><p class=\"elementor-image-box-description\">PARTNER<\/p><\/div><\/div>\t\t\t\t<\/div>\n\t\t\t\t<\/div>\n\t\t\t\t<\/div>\n\t\t<div class=\"elementor-element elementor-element-6dc2449 e-con-full qode_elementor_container_inner e-flex parallax_section_no e-con e-child\" data-id=\"6dc2449\" data-element_type=\"container\" data-e-type=\"container\">\n\t\t\t\t<div class=\"elementor-element elementor-element-ecaf110 elementor-widget__width-initial elementor-position-top elementor-widget elementor-widget-image-box\" data-id=\"ecaf110\" data-element_type=\"widget\" data-e-type=\"widget\" data-widget_type=\"image-box.default\">\n\t\t\t\t<div class=\"elementor-widget-container\">\n\t\t\t\t\t<div class=\"elementor-image-box-wrapper\"><figure class=\"elementor-image-box-img\"><a href=\"https:\/\/yavar.cl\/en\/our-team\/diego-yavar-celedon\/\" tabindex=\"-1\"><img loading=\"lazy\" decoding=\"async\" width=\"637\" height=\"1000\" src=\"https:\/\/yavar.cl\/wp-content\/uploads\/2024\/11\/Diego-Yavar-Celedon.jpg\" class=\"attachment-full size-full wp-image-7584\" alt=\"\" srcset=\"https:\/\/yavar.cl\/wp-content\/uploads\/2024\/11\/Diego-Yavar-Celedon.jpg 637w, https:\/\/yavar.cl\/wp-content\/uploads\/2024\/11\/Diego-Yavar-Celedon-191x300.jpg 191w\" sizes=\"(max-width: 637px) 100vw, 637px\" \/><\/a><\/figure><div class=\"elementor-image-box-content\"><p class=\"elementor-image-box-title\"><a href=\"https:\/\/yavar.cl\/en\/our-team\/diego-yavar-celedon\/\">Diego Y\u00e1var Celed\u00f3n<\/a><\/p><p class=\"elementor-image-box-description\">DIRECTOR<\/p><\/div><\/div>\t\t\t\t<\/div>\n\t\t\t\t<\/div>\n\t\t\t\t<div class=\"elementor-element elementor-element-e63e51e elementor-widget__width-initial elementor-position-top elementor-widget elementor-widget-image-box\" data-id=\"e63e51e\" data-element_type=\"widget\" data-e-type=\"widget\" data-widget_type=\"image-box.default\">\n\t\t\t\t<div class=\"elementor-widget-container\">\n\t\t\t\t\t<div class=\"elementor-image-box-wrapper\"><figure class=\"elementor-image-box-img\"><a href=\"https:\/\/yavar.cl\/en\/our-team\/paulina-riquelme-barrientos\/\" tabindex=\"-1\"><img loading=\"lazy\" decoding=\"async\" width=\"637\" height=\"1000\" src=\"https:\/\/yavar.cl\/wp-content\/uploads\/2024\/11\/Paulina-Riquielme-Barrientos.jpg\" class=\"attachment-full size-full wp-image-7582\" alt=\"\" srcset=\"https:\/\/yavar.cl\/wp-content\/uploads\/2024\/11\/Paulina-Riquielme-Barrientos.jpg 637w, https:\/\/yavar.cl\/wp-content\/uploads\/2024\/11\/Paulina-Riquielme-Barrientos-191x300.jpg 191w\" sizes=\"(max-width: 637px) 100vw, 637px\" \/><\/a><\/figure><div class=\"elementor-image-box-content\"><p class=\"elementor-image-box-title\"><a href=\"https:\/\/yavar.cl\/en\/our-team\/paulina-riquelme-barrientos\/\">Paulina Riquelme Barrientos<\/a><\/p><p class=\"elementor-image-box-description\">SENIOR ASSOCIATE<\/p><\/div><\/div>\t\t\t\t<\/div>\n\t\t\t\t<\/div>\n\t\t\t\t<div class=\"elementor-element elementor-element-9fc4522 elementor-widget__width-initial elementor-position-top elementor-widget elementor-widget-image-box\" data-id=\"9fc4522\" data-element_type=\"widget\" data-e-type=\"widget\" data-widget_type=\"image-box.default\">\n\t\t\t\t<div class=\"elementor-widget-container\">\n\t\t\t\t\t<div class=\"elementor-image-box-wrapper\"><figure class=\"elementor-image-box-img\"><a href=\"https:\/\/yavar.cl\/en\/our-team\/martin-molina-jarpa\/\" tabindex=\"-1\"><img loading=\"lazy\" decoding=\"async\" width=\"637\" height=\"1000\" src=\"https:\/\/yavar.cl\/wp-content\/uploads\/2024\/11\/Martin-Molina-Jarpa.jpg\" class=\"attachment-full size-full wp-image-7586\" alt=\"\" srcset=\"https:\/\/yavar.cl\/wp-content\/uploads\/2024\/11\/Martin-Molina-Jarpa.jpg 637w, https:\/\/yavar.cl\/wp-content\/uploads\/2024\/11\/Martin-Molina-Jarpa-191x300.jpg 191w\" sizes=\"(max-width: 637px) 100vw, 637px\" \/><\/a><\/figure><div class=\"elementor-image-box-content\"><p class=\"elementor-image-box-title\"><a href=\"https:\/\/yavar.cl\/en\/our-team\/martin-molina-jarpa\/\">Mart\u00edn Molina Jarpa<\/a><\/p><p class=\"elementor-image-box-description\">SENIOR ASSOCIATE<\/p><\/div><\/div>\t\t\t\t<\/div>\n\t\t\t\t<\/div>\n\t\t\t\t<div class=\"elementor-element elementor-element-f429ab1 elementor-widget__width-initial elementor-position-top elementor-widget elementor-widget-image-box\" data-id=\"f429ab1\" data-element_type=\"widget\" data-e-type=\"widget\" data-widget_type=\"image-box.default\">\n\t\t\t\t<div class=\"elementor-widget-container\">\n\t\t\t\t\t<div class=\"elementor-image-box-wrapper\"><figure class=\"elementor-image-box-img\"><a href=\"https:\/\/yavar.cl\/en\/our-team\/alberto-cuevas-espinoza\/\" tabindex=\"-1\"><img loading=\"lazy\" decoding=\"async\" width=\"637\" height=\"1000\" src=\"https:\/\/yavar.cl\/wp-content\/uploads\/2024\/11\/Alberto-Cuevas-Espinoza.jpg\" class=\"attachment-full size-full wp-image-7578\" alt=\"\" srcset=\"https:\/\/yavar.cl\/wp-content\/uploads\/2024\/11\/Alberto-Cuevas-Espinoza.jpg 637w, https:\/\/yavar.cl\/wp-content\/uploads\/2024\/11\/Alberto-Cuevas-Espinoza-191x300.jpg 191w\" sizes=\"(max-width: 637px) 100vw, 637px\" \/><\/a><\/figure><div class=\"elementor-image-box-content\"><p class=\"elementor-image-box-title\"><a href=\"https:\/\/yavar.cl\/en\/our-team\/alberto-cuevas-espinoza\/\">Alberto Cuevas Espinoza<\/a><\/p><p class=\"elementor-image-box-description\">ASSOCIATE<\/p><\/div><\/div>\t\t\t\t<\/div>\n\t\t\t\t<\/div>\n\t\t\t\t<\/div>\n\t\t<div class=\"elementor-element elementor-element-3dd5af6 e-con-full qode_elementor_container_inner e-flex parallax_section_no e-con e-child\" data-id=\"3dd5af6\" data-element_type=\"container\" data-e-type=\"container\">\n\t\t\t\t<div class=\"elementor-element elementor-element-526b0ca elementor-widget__width-initial elementor-position-top elementor-widget elementor-widget-image-box\" data-id=\"526b0ca\" data-element_type=\"widget\" data-e-type=\"widget\" data-widget_type=\"image-box.default\">\n\t\t\t\t<div class=\"elementor-widget-container\">\n\t\t\t\t\t<div class=\"elementor-image-box-wrapper\"><figure class=\"elementor-image-box-img\"><a href=\"https:\/\/yavar.cl\/en\/our-team\/matias-mondinelli-rondinone\/\" tabindex=\"-1\"><img loading=\"lazy\" decoding=\"async\" width=\"637\" height=\"1000\" src=\"https:\/\/yavar.cl\/wp-content\/uploads\/2024\/11\/Matias-Mondinelli-Rondinone.jpg\" class=\"attachment-full size-full wp-image-7592\" alt=\"\" srcset=\"https:\/\/yavar.cl\/wp-content\/uploads\/2024\/11\/Matias-Mondinelli-Rondinone.jpg 637w, https:\/\/yavar.cl\/wp-content\/uploads\/2024\/11\/Matias-Mondinelli-Rondinone-191x300.jpg 191w\" sizes=\"(max-width: 637px) 100vw, 637px\" \/><\/a><\/figure><div class=\"elementor-image-box-content\"><p class=\"elementor-image-box-title\"><a href=\"https:\/\/yavar.cl\/en\/our-team\/matias-mondinelli-rondinone\/\">Mat\u00edas Mondinelli Rondinone<\/a><\/p><p class=\"elementor-image-box-description\">LAW CLERK<\/p><\/div><\/div>\t\t\t\t<\/div>\n\t\t\t\t<\/div>\n\t\t\t\t<div class=\"elementor-element elementor-element-452f0e3 elementor-widget__width-initial elementor-hidden-tablet elementor-hidden-mobile elementor-position-top elementor-widget elementor-widget-image-box\" data-id=\"452f0e3\" data-element_type=\"widget\" data-e-type=\"widget\" data-widget_type=\"image-box.default\">\n\t\t\t\t<div class=\"elementor-widget-container\">\n\t\t\t\t\t<div class=\"elementor-image-box-wrapper\"><figure class=\"elementor-image-box-img\"><img loading=\"lazy\" decoding=\"async\" width=\"637\" height=\"1000\" src=\"https:\/\/yavar.cl\/wp-content\/uploads\/2024\/11\/Vacio.png\" class=\"attachment-full size-full wp-image-7130\" alt=\"\" srcset=\"https:\/\/yavar.cl\/wp-content\/uploads\/2024\/11\/Vacio.png 637w, https:\/\/yavar.cl\/wp-content\/uploads\/2024\/11\/Vacio-191x300.png 191w\" sizes=\"(max-width: 637px) 100vw, 637px\" \/><\/figure><\/div>\t\t\t\t<\/div>\n\t\t\t\t<\/div>\n\t\t\t\t<div class=\"elementor-element elementor-element-1718439 elementor-widget__width-initial elementor-hidden-tablet elementor-hidden-mobile elementor-position-top elementor-widget elementor-widget-image-box\" data-id=\"1718439\" data-element_type=\"widget\" data-e-type=\"widget\" data-widget_type=\"image-box.default\">\n\t\t\t\t<div class=\"elementor-widget-container\">\n\t\t\t\t\t<div class=\"elementor-image-box-wrapper\"><figure class=\"elementor-image-box-img\"><img loading=\"lazy\" decoding=\"async\" width=\"637\" height=\"1000\" src=\"https:\/\/yavar.cl\/wp-content\/uploads\/2024\/11\/Vacio.png\" class=\"attachment-full size-full wp-image-7130\" alt=\"\" srcset=\"https:\/\/yavar.cl\/wp-content\/uploads\/2024\/11\/Vacio.png 637w, https:\/\/yavar.cl\/wp-content\/uploads\/2024\/11\/Vacio-191x300.png 191w\" sizes=\"(max-width: 637px) 100vw, 637px\" \/><\/figure><\/div>\t\t\t\t<\/div>\n\t\t\t\t<\/div>\n\t\t\t\t<div class=\"elementor-element elementor-element-921d622 elementor-widget__width-initial elementor-hidden-tablet elementor-hidden-mobile elementor-position-top elementor-widget elementor-widget-image-box\" data-id=\"921d622\" data-element_type=\"widget\" data-e-type=\"widget\" data-widget_type=\"image-box.default\">\n\t\t\t\t<div class=\"elementor-widget-container\">\n\t\t\t\t\t<div class=\"elementor-image-box-wrapper\"><figure class=\"elementor-image-box-img\"><img loading=\"lazy\" decoding=\"async\" width=\"637\" height=\"1000\" src=\"https:\/\/yavar.cl\/wp-content\/uploads\/2024\/11\/Vacio.png\" class=\"attachment-full size-full wp-image-7130\" alt=\"\" srcset=\"https:\/\/yavar.cl\/wp-content\/uploads\/2024\/11\/Vacio.png 637w, https:\/\/yavar.cl\/wp-content\/uploads\/2024\/11\/Vacio-191x300.png 191w\" sizes=\"(max-width: 637px) 100vw, 637px\" \/><\/figure><\/div>\t\t\t\t<\/div>\n\t\t\t\t<\/div>\n\t\t\t\t<\/div>\n\t\t\t\t<div class=\"elementor-element elementor-element-0b7d53e elementor-absolute elementor-hidden-tablet elementor-hidden-mobile elementor-widget__width-initial elementor-widget elementor-widget-bridge_vertical_separator\" data-id=\"0b7d53e\" data-element_type=\"widget\" data-e-type=\"widget\" data-settings=\"{&quot;_position&quot;:&quot;absolute&quot;}\" data-widget_type=\"bridge_vertical_separator.default\">\n\t\t\t\t<div class=\"elementor-widget-container\">\n\t\t\t\t\t<div class=\"qode_vertical_separator\" style=\"height: 2000px;width: 1px;background-color: #ECE8E5\">\n<\/div>\t\t\t\t<\/div>\n\t\t\t\t<\/div>\n\t\t\t\t<div class=\"elementor-element elementor-element-254d73e elementor-absolute elementor-hidden-tablet elementor-hidden-mobile elementor-widget elementor-widget-bridge_vertical_separator\" data-id=\"254d73e\" data-element_type=\"widget\" data-e-type=\"widget\" data-settings=\"{&quot;_position&quot;:&quot;absolute&quot;}\" data-widget_type=\"bridge_vertical_separator.default\">\n\t\t\t\t<div class=\"elementor-widget-container\">\n\t\t\t\t\t<div class=\"qode_vertical_separator\" style=\"height: 2000px;width: 1px;background-color: #ECE8E5\">\n<\/div>\t\t\t\t<\/div>\n\t\t\t\t<\/div>\n\t\t\t\t<\/div>\n\t\t\t\t<\/div>\n\t\t","protected":false},"excerpt":{"rendered":"<p>Our Team Sergio Y\u00e1var Carberry PARTNER Jos\u00e9 Pedro Silva Prado PARTNER Macarena Oyarz\u00fan Ithurralde PARTNER Enrique Amen\u00e1bar Figueroa PARTNER Diego Y\u00e1var Celed\u00f3n DIRECTOR Paulina Riquelme Barrientos SENIOR ASSOCIATE Mart\u00edn Molina Jarpa SENIOR ASSOCIATE Alberto Cuevas Espinoza ASSOCIATE Mat\u00edas Mondinelli Rondinone LAW CLERK<\/p>\n","protected":false},"author":1,"featured_media":0,"parent":0,"menu_order":0,"comment_status":"closed","ping_status":"closed","template":"full_width.php","meta":{"footnotes":""},"class_list":["post-8225","page","type-page","status-publish","hentry"],"_links":{"self":[{"href":"https:\/\/yavar.cl\/en\/wp-json\/wp\/v2\/pages\/8225","targetHints":{"allow":["GET"]}}],"collection":[{"href":"https:\/\/yavar.cl\/en\/wp-json\/wp\/v2\/pages"}],"about":[{"href":"https:\/\/yavar.cl\/en\/wp-json\/wp\/v2\/types\/page"}],"author":[{"embeddable":true,"href":"https:\/\/yavar.cl\/en\/wp-json\/wp\/v2\/users\/1"}],"replies":[{"embeddable":true,"href":"https:\/\/yavar.cl\/en\/wp-json\/wp\/v2\/comments?post=8225"}],"version-history":[{"count":37,"href":"https:\/\/yavar.cl\/en\/wp-json\/wp\/v2\/pages\/8225\/revisions"}],"predecessor-version":[{"id":8804,"href":"https:\/\/yavar.cl\/en\/wp-json\/wp\/v2\/pages\/8225\/revisions\/8804"}],"wp:attachment":[{"href":"https:\/\/yavar.cl\/en\/wp-json\/wp\/v2\/media?parent=8225"}],"curies":[{"name":"wp","href":"https:\/\/api.w.org\/{rel}","templated":true}]}}